{"id":119,"date":"2014-12-23T01:07:38","date_gmt":"2014-12-22T23:07:38","guid":{"rendered":"http:\/\/www.agronaturfert.sk\/?page_id=119"},"modified":"2019-01-12T21:13:57","modified_gmt":"2019-01-12T19:13:57","slug":"mmm","status":"publish","type":"page","link":"https:\/\/www.agronaturfert.sk\/?page_id=119","title":{"rendered":"Stavebn\u00e1 \u010dinnos\u0165:"},"content":{"rendered":"<p>V stavebnej oblasti realizujeme vyhotovenie \u00faplnej projektovej dokument\u00e1cie pozemn\u00fdch objektov a ich zmien. Projekty sa dod\u00e1vaj\u00fa v kompletn\u00fdch siedmych sad\u00e1ch pre vydanie stavebn\u00e9ho povolenia.<\/p>\n<p>Rie\u0161ime:<\/p>\n<ul>\n<li>Konzult\u00e1cie<\/li>\n<li>\u0160t\u00fadie<\/li>\n<li>3D n\u00e1vrh interi\u00e9rov a exteri\u00e9rov<\/li>\n<li>Vypracovanie projektovej dokument\u00e1cie na z\u00e1klade objedn\u00e1vky<\/li>\n<li>Dodanie projektovej dokument\u00e1cie v\u0161etk\u00fdch profesi\u00ed: elektrika, plyn, k\u00farenie, statika, voda, kanaliz\u00e1cia, po\u017eiarna ochrana<\/li>\n<li>Dodanie energetick\u00e9ho hodnotenia<\/li>\n<li>Dodanie rozpo\u010dtu a v\u00fdkazu v\u00fdmer<\/li>\n<\/ul>\n<p><a href=\"https:\/\/www.agronaturfert.sk\/wp-content\/uploads\/2014\/12\/3D-vizualiz\u00e1cie.pdf\" rel=\"\">3D vizualiz\u00e1cie<\/a><\/p>\n<p><a href=\"https:\/\/www.agronaturfert.sk\/wp-content\/uploads\/2014\/12\/3D-vizualiz\u00e1cie-1.pdf\" rel=\"\">3D vizualiz\u00e1cie 1<\/a><\/p>\n<p><a href=\"https:\/\/www.agronaturfert.sk\/wp-content\/uploads\/2014\/12\/3D-vizualiz\u00e1cie-2.pdf\" rel=\"\">3D vizualiz\u00e1cie 2<\/a><\/p>\n<p><a href=\"https:\/\/www.agronaturfert.sk\/wp-content\/uploads\/2019\/01\/Jurty-2.pdf\">3D vizualiz\u00e1cie 3<\/a><\/p>\n<p><a href=\"https:\/\/www.agronaturfert.sk\/wp-content\/uploads\/2019\/01\/Jurty.pdf\">3D vizualiz\u00e1cie 4<\/a><\/p>\n","protected":false},"excerpt":{"rendered":"<p>V stavebnej oblasti realizujeme vyhotovenie \u00faplnej projektovej dokument\u00e1cie pozemn\u00fdch objektov a ich zmien. Projekty sa dod\u00e1vaj\u00fa v kompletn\u00fdch siedmych sad\u00e1ch pre vydanie stavebn\u00e9ho povolenia. Rie\u0161ime: Konzult\u00e1cie \u0160t\u00fadie 3D n\u00e1vrh interi\u00e9rov a exteri\u00e9rov Vypracovanie projektovej dokument\u00e1cie na z\u00e1klade objedn\u00e1vky Dodanie projektovej dokument\u00e1cie v\u0161etk\u00fdch profesi\u00ed: elektrika, plyn, k\u00farenie, statika, voda, kanaliz\u00e1cia, po\u017eiarna ochrana Dodanie energetick\u00e9ho hodnotenia Dodanie <a class=\"read-more\" href=\"https:\/\/www.agronaturfert.sk\/?page_id=119\">...continue reading <span class=\"meta-nav\">&rarr;<\/span><\/a><\/p>\n","protected":false},"author":1,"featured_media":0,"parent":0,"menu_order":1,"comment_status":"closed","ping_status":"closed","template":"","meta":{"_exactmetrics_skip_tracking":false,"_exactmetrics_sitenote_active":false,"_exactmetrics_sitenote_note":"","_exactmetrics_sitenote_category":0,"footnotes":""},"class_list":["post-119","page","type-page","status-publish","hentry"],"yoast_head":"<!-- This site is optimized with the Yoast SEO plugin v27.5 - https:\/\/yoast.com\/product\/yoast-seo-wordpress\/ -->\n<title>Stavebn\u00e1 \u010dinnos\u0165: - MikroFertil<\/title>\n<meta name=\"robots\" content=\"index, follow, max-snippet:-1, max-image-preview:large, max-video-preview:-1\" \/>\n<link rel=\"canonical\" href=\"https:\/\/www.agronaturfert.sk\/?page_id=119\" \/>\n<meta property=\"og:locale\" content=\"sk_SK\" \/>\n<meta property=\"og:type\" content=\"article\" \/>\n<meta property=\"og:title\" content=\"Stavebn\u00e1 \u010dinnos\u0165: - MikroFertil\" \/>\n<meta property=\"og:description\" content=\"V stavebnej oblasti realizujeme vyhotovenie \u00faplnej projektovej dokument\u00e1cie pozemn\u00fdch objektov a ich zmien. Projekty sa dod\u00e1vaj\u00fa v kompletn\u00fdch siedmych sad\u00e1ch pre vydanie stavebn\u00e9ho povolenia. Rie\u0161ime: Konzult\u00e1cie \u0160t\u00fadie 3D n\u00e1vrh interi\u00e9rov a exteri\u00e9rov Vypracovanie projektovej dokument\u00e1cie na z\u00e1klade objedn\u00e1vky Dodanie projektovej dokument\u00e1cie v\u0161etk\u00fdch profesi\u00ed: elektrika, plyn, k\u00farenie, statika, voda, kanaliz\u00e1cia, po\u017eiarna ochrana Dodanie energetick\u00e9ho hodnotenia Dodanie ...continue reading &rarr;\" \/>\n<meta property=\"og:url\" content=\"https:\/\/www.agronaturfert.sk\/?page_id=119\" \/>\n<meta property=\"og:site_name\" content=\"MikroFertil\" \/>\n<meta property=\"article:modified_time\" content=\"2019-01-12T19:13:57+00:00\" \/>\n<meta name=\"twitter:card\" content=\"summary_large_image\" \/>\n<script type=\"application\/ld+json\" class=\"yoast-schema-graph\">{\"@context\":\"https:\\\/\\\/schema.org\",\"@graph\":[{\"@type\":\"WebPage\",\"@id\":\"https:\\\/\\\/www.agronaturfert.sk\\\/?page_id=119\",\"url\":\"https:\\\/\\\/www.agronaturfert.sk\\\/?page_id=119\",\"name\":\"Stavebn\u00e1 \u010dinnos\u0165: - MikroFertil\",\"isPartOf\":{\"@id\":\"https:\\\/\\\/www.agronaturfert.sk\\\/#website\"},\"datePublished\":\"2014-12-22T23:07:38+00:00\",\"dateModified\":\"2019-01-12T19:13:57+00:00\",\"breadcrumb\":{\"@id\":\"https:\\\/\\\/www.agronaturfert.sk\\\/?page_id=119#breadcrumb\"},\"inLanguage\":\"sk-SK\",\"potentialAction\":[{\"@type\":\"ReadAction\",\"target\":[\"https:\\\/\\\/www.agronaturfert.sk\\\/?page_id=119\"]}]},{\"@type\":\"BreadcrumbList\",\"@id\":\"https:\\\/\\\/www.agronaturfert.sk\\\/?page_id=119#breadcrumb\",\"itemListElement\":[{\"@type\":\"ListItem\",\"position\":1,\"name\":\"Home\",\"item\":\"https:\\\/\\\/www.agronaturfert.sk\\\/\"},{\"@type\":\"ListItem\",\"position\":2,\"name\":\"Stavebn\u00e1 \u010dinnos\u0165:\"}]},{\"@type\":\"WebSite\",\"@id\":\"https:\\\/\\\/www.agronaturfert.sk\\\/#website\",\"url\":\"https:\\\/\\\/www.agronaturfert.sk\\\/\",\"name\":\"MikroFertil\",\"description\":\".... nes\u013eubujeme z\u00e1zraky , pon\u00fakame rie\u0161enia ....\",\"potentialAction\":[{\"@type\":\"SearchAction\",\"target\":{\"@type\":\"EntryPoint\",\"urlTemplate\":\"https:\\\/\\\/www.agronaturfert.sk\\\/?s={search_term_string}\"},\"query-input\":{\"@type\":\"PropertyValueSpecification\",\"valueRequired\":true,\"valueName\":\"search_term_string\"}}],\"inLanguage\":\"sk-SK\"}]}<\/script>\n<!-- \/ Yoast SEO plugin. -->","yoast_head_json":{"title":"Stavebn\u00e1 \u010dinnos\u0165: - MikroFertil","robots":{"index":"index","follow":"follow","max-snippet":"max-snippet:-1","max-image-preview":"max-image-preview:large","max-video-preview":"max-video-preview:-1"},"canonical":"https:\/\/www.agronaturfert.sk\/?page_id=119","og_locale":"sk_SK","og_type":"article","og_title":"Stavebn\u00e1 \u010dinnos\u0165: - MikroFertil","og_description":"V stavebnej oblasti realizujeme vyhotovenie \u00faplnej projektovej dokument\u00e1cie pozemn\u00fdch objektov a ich zmien. Projekty sa dod\u00e1vaj\u00fa v kompletn\u00fdch siedmych sad\u00e1ch pre vydanie stavebn\u00e9ho povolenia. Rie\u0161ime: Konzult\u00e1cie \u0160t\u00fadie 3D n\u00e1vrh interi\u00e9rov a exteri\u00e9rov Vypracovanie projektovej dokument\u00e1cie na z\u00e1klade objedn\u00e1vky Dodanie projektovej dokument\u00e1cie v\u0161etk\u00fdch profesi\u00ed: elektrika, plyn, k\u00farenie, statika, voda, kanaliz\u00e1cia, po\u017eiarna ochrana Dodanie energetick\u00e9ho hodnotenia Dodanie ...continue reading &rarr;","og_url":"https:\/\/www.agronaturfert.sk\/?page_id=119","og_site_name":"MikroFertil","article_modified_time":"2019-01-12T19:13:57+00:00","twitter_card":"summary_large_image","schema":{"@context":"https:\/\/schema.org","@graph":[{"@type":"WebPage","@id":"https:\/\/www.agronaturfert.sk\/?page_id=119","url":"https:\/\/www.agronaturfert.sk\/?page_id=119","name":"Stavebn\u00e1 \u010dinnos\u0165: - MikroFertil","isPartOf":{"@id":"https:\/\/www.agronaturfert.sk\/#website"},"datePublished":"2014-12-22T23:07:38+00:00","dateModified":"2019-01-12T19:13:57+00:00","breadcrumb":{"@id":"https:\/\/www.agronaturfert.sk\/?page_id=119#breadcrumb"},"inLanguage":"sk-SK","potentialAction":[{"@type":"ReadAction","target":["https:\/\/www.agronaturfert.sk\/?page_id=119"]}]},{"@type":"BreadcrumbList","@id":"https:\/\/www.agronaturfert.sk\/?page_id=119#breadcrumb","itemListElement":[{"@type":"ListItem","position":1,"name":"Home","item":"https:\/\/www.agronaturfert.sk\/"},{"@type":"ListItem","position":2,"name":"Stavebn\u00e1 \u010dinnos\u0165:"}]},{"@type":"WebSite","@id":"https:\/\/www.agronaturfert.sk\/#website","url":"https:\/\/www.agronaturfert.sk\/","name":"MikroFertil","description":".... nes\u013eubujeme z\u00e1zraky , pon\u00fakame rie\u0161enia ....","potentialAction":[{"@type":"SearchAction","target":{"@type":"EntryPoint","urlTemplate":"https:\/\/www.agronaturfert.sk\/?s={search_term_string}"},"query-input":{"@type":"PropertyValueSpecification","valueRequired":true,"valueName":"search_term_string"}}],"inLanguage":"sk-SK"}]}},"_links":{"self":[{"href":"https:\/\/www.agronaturfert.sk\/index.php?rest_route=\/wp\/v2\/pages\/119","targetHints":{"allow":["GET"]}}],"collection":[{"href":"https:\/\/www.agronaturfert.sk\/index.php?rest_route=\/wp\/v2\/pages"}],"about":[{"href":"https:\/\/www.agronaturfert.sk\/index.php?rest_route=\/wp\/v2\/types\/page"}],"author":[{"embeddable":true,"href":"https:\/\/www.agronaturfert.sk\/index.php?rest_route=\/wp\/v2\/users\/1"}],"replies":[{"embeddable":true,"href":"https:\/\/www.agronaturfert.sk\/index.php?rest_route=%2Fwp%2Fv2%2Fcomments&post=119"}],"version-history":[{"count":13,"href":"https:\/\/www.agronaturfert.sk\/index.php?rest_route=\/wp\/v2\/pages\/119\/revisions"}],"predecessor-version":[{"id":439,"href":"https:\/\/www.agronaturfert.sk\/index.php?rest_route=\/wp\/v2\/pages\/119\/revisions\/439"}],"wp:attachment":[{"href":"https:\/\/www.agronaturfert.sk\/index.php?rest_route=%2Fwp%2Fv2%2Fmedia&parent=119"}],"curies":[{"name":"wp","href":"https:\/\/api.w.org\/{rel}","templated":true}]}}