{"id":123,"date":"2014-12-23T01:08:56","date_gmt":"2014-12-22T23:08:56","guid":{"rendered":"http:\/\/www.agronaturfert.sk\/?page_id=123"},"modified":"2019-01-22T21:31:41","modified_gmt":"2019-01-22T19:31:41","slug":"nnn","status":"publish","type":"page","link":"https:\/\/www.agronaturfert.sk\/?page_id=123","title":{"rendered":"Fotky:"},"content":{"rendered":"<p><a href=\"https:\/\/www.agronaturfert.sk\/wp-content\/uploads\/2014\/12\/Prezentace2.pdf\" rel=\"\">Porovnania 1<\/a><\/p>\n<p><a href=\"https:\/\/www.agronaturfert.sk\/wp-content\/uploads\/2014\/12\/Prezentace3.pdf\" rel=\"\">Porovnania 2<\/a><\/p>\n<p><a href=\"https:\/\/www.agronaturfert.sk\/wp-content\/uploads\/2014\/12\/Prezentace4.pdf\" rel=\"\">Porovnania 3<\/a><\/p>\n","protected":false},"excerpt":{"rendered":"<p>Porovnania 1 Porovnania 2 Porovnania 3<\/p>\n","protected":false},"author":1,"featured_media":0,"parent":0,"menu_order":1,"comment_status":"closed","ping_status":"closed","template":"","meta":{"_exactmetrics_skip_tracking":false,"_exactmetrics_sitenote_active":false,"_exactmetrics_sitenote_note":"","_exactmetrics_sitenote_category":0,"footnotes":""},"class_list":["post-123","page","type-page","status-publish","hentry"],"yoast_head":"<!-- This site is optimized with the Yoast SEO plugin v27.5 - https:\/\/yoast.com\/product\/yoast-seo-wordpress\/ -->\n<title>Fotky: - MikroFertil<\/title>\n<meta name=\"robots\" content=\"index, follow, max-snippet:-1, max-image-preview:large, max-video-preview:-1\" \/>\n<link rel=\"canonical\" href=\"https:\/\/www.agronaturfert.sk\/?page_id=123\" \/>\n<meta property=\"og:locale\" content=\"sk_SK\" \/>\n<meta property=\"og:type\" content=\"article\" \/>\n<meta property=\"og:title\" content=\"Fotky: - MikroFertil\" \/>\n<meta property=\"og:description\" content=\"Porovnania 1 Porovnania 2 Porovnania 3\" \/>\n<meta property=\"og:url\" content=\"https:\/\/www.agronaturfert.sk\/?page_id=123\" \/>\n<meta property=\"og:site_name\" content=\"MikroFertil\" \/>\n<meta property=\"article:modified_time\" content=\"2019-01-22T19:31:41+00:00\" \/>\n<meta name=\"twitter:card\" content=\"summary_large_image\" \/>\n<script type=\"application\/ld+json\" class=\"yoast-schema-graph\">{\"@context\":\"https:\\\/\\\/schema.org\",\"@graph\":[{\"@type\":\"WebPage\",\"@id\":\"https:\\\/\\\/www.agronaturfert.sk\\\/?page_id=123\",\"url\":\"https:\\\/\\\/www.agronaturfert.sk\\\/?page_id=123\",\"name\":\"Fotky: - MikroFertil\",\"isPartOf\":{\"@id\":\"https:\\\/\\\/www.agronaturfert.sk\\\/#website\"},\"datePublished\":\"2014-12-22T23:08:56+00:00\",\"dateModified\":\"2019-01-22T19:31:41+00:00\",\"breadcrumb\":{\"@id\":\"https:\\\/\\\/www.agronaturfert.sk\\\/?page_id=123#breadcrumb\"},\"inLanguage\":\"sk-SK\",\"potentialAction\":[{\"@type\":\"ReadAction\",\"target\":[\"https:\\\/\\\/www.agronaturfert.sk\\\/?page_id=123\"]}]},{\"@type\":\"BreadcrumbList\",\"@id\":\"https:\\\/\\\/www.agronaturfert.sk\\\/?page_id=123#breadcrumb\",\"itemListElement\":[{\"@type\":\"ListItem\",\"position\":1,\"name\":\"Home\",\"item\":\"https:\\\/\\\/www.agronaturfert.sk\\\/\"},{\"@type\":\"ListItem\",\"position\":2,\"name\":\"Fotky:\"}]},{\"@type\":\"WebSite\",\"@id\":\"https:\\\/\\\/www.agronaturfert.sk\\\/#website\",\"url\":\"https:\\\/\\\/www.agronaturfert.sk\\\/\",\"name\":\"MikroFertil\",\"description\":\".... nes\u013eubujeme z\u00e1zraky , pon\u00fakame rie\u0161enia ....\",\"potentialAction\":[{\"@type\":\"SearchAction\",\"target\":{\"@type\":\"EntryPoint\",\"urlTemplate\":\"https:\\\/\\\/www.agronaturfert.sk\\\/?s={search_term_string}\"},\"query-input\":{\"@type\":\"PropertyValueSpecification\",\"valueRequired\":true,\"valueName\":\"search_term_string\"}}],\"inLanguage\":\"sk-SK\"}]}<\/script>\n<!-- \/ Yoast SEO plugin. -->","yoast_head_json":{"title":"Fotky: - MikroFertil","robots":{"index":"index","follow":"follow","max-snippet":"max-snippet:-1","max-image-preview":"max-image-preview:large","max-video-preview":"max-video-preview:-1"},"canonical":"https:\/\/www.agronaturfert.sk\/?page_id=123","og_locale":"sk_SK","og_type":"article","og_title":"Fotky: - MikroFertil","og_description":"Porovnania 1 Porovnania 2 Porovnania 3","og_url":"https:\/\/www.agronaturfert.sk\/?page_id=123","og_site_name":"MikroFertil","article_modified_time":"2019-01-22T19:31:41+00:00","twitter_card":"summary_large_image","schema":{"@context":"https:\/\/schema.org","@graph":[{"@type":"WebPage","@id":"https:\/\/www.agronaturfert.sk\/?page_id=123","url":"https:\/\/www.agronaturfert.sk\/?page_id=123","name":"Fotky: - MikroFertil","isPartOf":{"@id":"https:\/\/www.agronaturfert.sk\/#website"},"datePublished":"2014-12-22T23:08:56+00:00","dateModified":"2019-01-22T19:31:41+00:00","breadcrumb":{"@id":"https:\/\/www.agronaturfert.sk\/?page_id=123#breadcrumb"},"inLanguage":"sk-SK","potentialAction":[{"@type":"ReadAction","target":["https:\/\/www.agronaturfert.sk\/?page_id=123"]}]},{"@type":"BreadcrumbList","@id":"https:\/\/www.agronaturfert.sk\/?page_id=123#breadcrumb","itemListElement":[{"@type":"ListItem","position":1,"name":"Home","item":"https:\/\/www.agronaturfert.sk\/"},{"@type":"ListItem","position":2,"name":"Fotky:"}]},{"@type":"WebSite","@id":"https:\/\/www.agronaturfert.sk\/#website","url":"https:\/\/www.agronaturfert.sk\/","name":"MikroFertil","description":".... nes\u013eubujeme z\u00e1zraky , pon\u00fakame rie\u0161enia ....","potentialAction":[{"@type":"SearchAction","target":{"@type":"EntryPoint","urlTemplate":"https:\/\/www.agronaturfert.sk\/?s={search_term_string}"},"query-input":{"@type":"PropertyValueSpecification","valueRequired":true,"valueName":"search_term_string"}}],"inLanguage":"sk-SK"}]}},"_links":{"self":[{"href":"https:\/\/www.agronaturfert.sk\/index.php?rest_route=\/wp\/v2\/pages\/123","targetHints":{"allow":["GET"]}}],"collection":[{"href":"https:\/\/www.agronaturfert.sk\/index.php?rest_route=\/wp\/v2\/pages"}],"about":[{"href":"https:\/\/www.agronaturfert.sk\/index.php?rest_route=\/wp\/v2\/types\/page"}],"author":[{"embeddable":true,"href":"https:\/\/www.agronaturfert.sk\/index.php?rest_route=\/wp\/v2\/users\/1"}],"replies":[{"embeddable":true,"href":"https:\/\/www.agronaturfert.sk\/index.php?rest_route=%2Fwp%2Fv2%2Fcomments&post=123"}],"version-history":[{"count":6,"href":"https:\/\/www.agronaturfert.sk\/index.php?rest_route=\/wp\/v2\/pages\/123\/revisions"}],"predecessor-version":[{"id":498,"href":"https:\/\/www.agronaturfert.sk\/index.php?rest_route=\/wp\/v2\/pages\/123\/revisions\/498"}],"wp:attachment":[{"href":"https:\/\/www.agronaturfert.sk\/index.php?rest_route=%2Fwp%2Fv2%2Fmedia&parent=123"}],"curies":[{"name":"wp","href":"https:\/\/api.w.org\/{rel}","templated":true}]}}