{"id":127,"date":"2014-12-23T01:13:27","date_gmt":"2014-12-22T23:13:27","guid":{"rendered":"http:\/\/www.agronaturfert.sk\/?page_id=127"},"modified":"2019-01-09T21:51:28","modified_gmt":"2019-01-09T19:51:28","slug":"jjj","status":"publish","type":"page","link":"https:\/\/www.agronaturfert.sk\/?page_id=127","title":{"rendered":"Pokusy:"},"content":{"rendered":"<p><a href=\"https:\/\/www.agronaturfert.sk\/wp-content\/uploads\/2014\/12\/Vplyv-aplik\u00e1cie-MikroFertil-N-stim-PLUS-.pdf\" rel=\"\">Vplyv aplik\u00e1cie MikroFertil N-stim PLUS +<\/a><\/p>\n<p><a href=\"https:\/\/www.agronaturfert.sk\/wp-content\/uploads\/2014\/12\/Ekonomick\u00fd-efekt-aplik\u00e1cie-MikroFertil-N-stim-PLUS-.pdf\" rel=\"\">Ekonomick\u00fd efekt aplik\u00e1cie MikroFertil N-stim PLUS +<\/a><\/p>\n<p><a href=\"https:\/\/www.agronaturfert.sk\/wp-content\/uploads\/2014\/12\/Efekt-aplik\u00e1cie-MikroFertil-N-stim-PLUS-1.pdf\" rel=\"\">Efekt aplik\u00e1cie MikroFertil N-stim PLUS + verzus aux\u00ednov\u00e9 pr\u00edpravky<\/a><\/p>\n<p><a href=\"https:\/\/www.agronaturfert.sk\/wp-content\/uploads\/2014\/12\/Efekt-aplik\u00e1cie-MikroFertil-N-stim-PLUS-.pdf\" rel=\"\">Efekt aplik\u00e1cie MikroFertil N-stim PLUS + verzus neo\u0161etren\u00e1 kontrola<\/a><\/p>\n<p><a href=\"https:\/\/www.agronaturfert.sk\/wp-content\/uploads\/2014\/12\/Vplyv-aplik\u00e1cie-MikroFertil-N-stim-v-r\u00e1mci.pdf\" rel=\"\">Vplyv aplik\u00e1cie MikroFertil N-stim na kvalitat\u00edvne parametre<\/a><\/p>\n","protected":false},"excerpt":{"rendered":"<p>Vplyv aplik\u00e1cie MikroFertil N-stim PLUS + Ekonomick\u00fd efekt aplik\u00e1cie MikroFertil N-stim PLUS + Efekt aplik\u00e1cie MikroFertil N-stim PLUS + verzus aux\u00ednov\u00e9 pr\u00edpravky Efekt aplik\u00e1cie MikroFertil N-stim PLUS + verzus neo\u0161etren\u00e1 kontrola Vplyv aplik\u00e1cie MikroFertil N-stim na kvalitat\u00edvne parametre<\/p>\n","protected":false},"author":1,"featured_media":0,"parent":0,"menu_order":1,"comment_status":"closed","ping_status":"closed","template":"","meta":{"_exactmetrics_skip_tracking":false,"_exactmetrics_sitenote_active":false,"_exactmetrics_sitenote_note":"","_exactmetrics_sitenote_category":0,"footnotes":""},"class_list":["post-127","page","type-page","status-publish","hentry"],"yoast_head":"<!-- This site is optimized with the Yoast SEO plugin v27.6 - https:\/\/yoast.com\/product\/yoast-seo-wordpress\/ -->\n<title>Pokusy: - MikroFertil<\/title>\n<meta name=\"robots\" content=\"index, follow, max-snippet:-1, max-image-preview:large, max-video-preview:-1\" \/>\n<link rel=\"canonical\" href=\"https:\/\/www.agronaturfert.sk\/?page_id=127\" \/>\n<meta property=\"og:locale\" content=\"sk_SK\" \/>\n<meta property=\"og:type\" content=\"article\" \/>\n<meta property=\"og:title\" content=\"Pokusy: - MikroFertil\" \/>\n<meta property=\"og:description\" content=\"Vplyv aplik\u00e1cie MikroFertil N-stim PLUS + Ekonomick\u00fd efekt aplik\u00e1cie MikroFertil N-stim PLUS + Efekt aplik\u00e1cie MikroFertil N-stim PLUS + verzus aux\u00ednov\u00e9 pr\u00edpravky Efekt aplik\u00e1cie MikroFertil N-stim PLUS + verzus neo\u0161etren\u00e1 kontrola Vplyv aplik\u00e1cie MikroFertil N-stim na kvalitat\u00edvne parametre\" \/>\n<meta property=\"og:url\" content=\"https:\/\/www.agronaturfert.sk\/?page_id=127\" \/>\n<meta property=\"og:site_name\" content=\"MikroFertil\" \/>\n<meta property=\"article:modified_time\" content=\"2019-01-09T19:51:28+00:00\" \/>\n<meta name=\"twitter:card\" content=\"summary_large_image\" \/>\n<script type=\"application\/ld+json\" class=\"yoast-schema-graph\">{\"@context\":\"https:\\\/\\\/schema.org\",\"@graph\":[{\"@type\":\"WebPage\",\"@id\":\"https:\\\/\\\/www.agronaturfert.sk\\\/?page_id=127\",\"url\":\"https:\\\/\\\/www.agronaturfert.sk\\\/?page_id=127\",\"name\":\"Pokusy: - MikroFertil\",\"isPartOf\":{\"@id\":\"https:\\\/\\\/www.agronaturfert.sk\\\/#website\"},\"datePublished\":\"2014-12-22T23:13:27+00:00\",\"dateModified\":\"2019-01-09T19:51:28+00:00\",\"breadcrumb\":{\"@id\":\"https:\\\/\\\/www.agronaturfert.sk\\\/?page_id=127#breadcrumb\"},\"inLanguage\":\"sk-SK\",\"potentialAction\":[{\"@type\":\"ReadAction\",\"target\":[\"https:\\\/\\\/www.agronaturfert.sk\\\/?page_id=127\"]}]},{\"@type\":\"BreadcrumbList\",\"@id\":\"https:\\\/\\\/www.agronaturfert.sk\\\/?page_id=127#breadcrumb\",\"itemListElement\":[{\"@type\":\"ListItem\",\"position\":1,\"name\":\"Home\",\"item\":\"https:\\\/\\\/www.agronaturfert.sk\\\/\"},{\"@type\":\"ListItem\",\"position\":2,\"name\":\"Pokusy:\"}]},{\"@type\":\"WebSite\",\"@id\":\"https:\\\/\\\/www.agronaturfert.sk\\\/#website\",\"url\":\"https:\\\/\\\/www.agronaturfert.sk\\\/\",\"name\":\"MikroFertil\",\"description\":\".... nes\u013eubujeme z\u00e1zraky , pon\u00fakame rie\u0161enia ....\",\"potentialAction\":[{\"@type\":\"SearchAction\",\"target\":{\"@type\":\"EntryPoint\",\"urlTemplate\":\"https:\\\/\\\/www.agronaturfert.sk\\\/?s={search_term_string}\"},\"query-input\":{\"@type\":\"PropertyValueSpecification\",\"valueRequired\":true,\"valueName\":\"search_term_string\"}}],\"inLanguage\":\"sk-SK\"}]}<\/script>\n<!-- \/ Yoast SEO plugin. -->","yoast_head_json":{"title":"Pokusy: - MikroFertil","robots":{"index":"index","follow":"follow","max-snippet":"max-snippet:-1","max-image-preview":"max-image-preview:large","max-video-preview":"max-video-preview:-1"},"canonical":"https:\/\/www.agronaturfert.sk\/?page_id=127","og_locale":"sk_SK","og_type":"article","og_title":"Pokusy: - MikroFertil","og_description":"Vplyv aplik\u00e1cie MikroFertil N-stim PLUS + Ekonomick\u00fd efekt aplik\u00e1cie MikroFertil N-stim PLUS + Efekt aplik\u00e1cie MikroFertil N-stim PLUS + verzus aux\u00ednov\u00e9 pr\u00edpravky Efekt aplik\u00e1cie MikroFertil N-stim PLUS + verzus neo\u0161etren\u00e1 kontrola Vplyv aplik\u00e1cie MikroFertil N-stim na kvalitat\u00edvne parametre","og_url":"https:\/\/www.agronaturfert.sk\/?page_id=127","og_site_name":"MikroFertil","article_modified_time":"2019-01-09T19:51:28+00:00","twitter_card":"summary_large_image","schema":{"@context":"https:\/\/schema.org","@graph":[{"@type":"WebPage","@id":"https:\/\/www.agronaturfert.sk\/?page_id=127","url":"https:\/\/www.agronaturfert.sk\/?page_id=127","name":"Pokusy: - MikroFertil","isPartOf":{"@id":"https:\/\/www.agronaturfert.sk\/#website"},"datePublished":"2014-12-22T23:13:27+00:00","dateModified":"2019-01-09T19:51:28+00:00","breadcrumb":{"@id":"https:\/\/www.agronaturfert.sk\/?page_id=127#breadcrumb"},"inLanguage":"sk-SK","potentialAction":[{"@type":"ReadAction","target":["https:\/\/www.agronaturfert.sk\/?page_id=127"]}]},{"@type":"BreadcrumbList","@id":"https:\/\/www.agronaturfert.sk\/?page_id=127#breadcrumb","itemListElement":[{"@type":"ListItem","position":1,"name":"Home","item":"https:\/\/www.agronaturfert.sk\/"},{"@type":"ListItem","position":2,"name":"Pokusy:"}]},{"@type":"WebSite","@id":"https:\/\/www.agronaturfert.sk\/#website","url":"https:\/\/www.agronaturfert.sk\/","name":"MikroFertil","description":".... nes\u013eubujeme z\u00e1zraky , pon\u00fakame rie\u0161enia ....","potentialAction":[{"@type":"SearchAction","target":{"@type":"EntryPoint","urlTemplate":"https:\/\/www.agronaturfert.sk\/?s={search_term_string}"},"query-input":{"@type":"PropertyValueSpecification","valueRequired":true,"valueName":"search_term_string"}}],"inLanguage":"sk-SK"}]}},"_links":{"self":[{"href":"https:\/\/www.agronaturfert.sk\/index.php?rest_route=\/wp\/v2\/pages\/127","targetHints":{"allow":["GET"]}}],"collection":[{"href":"https:\/\/www.agronaturfert.sk\/index.php?rest_route=\/wp\/v2\/pages"}],"about":[{"href":"https:\/\/www.agronaturfert.sk\/index.php?rest_route=\/wp\/v2\/types\/page"}],"author":[{"embeddable":true,"href":"https:\/\/www.agronaturfert.sk\/index.php?rest_route=\/wp\/v2\/users\/1"}],"replies":[{"embeddable":true,"href":"https:\/\/www.agronaturfert.sk\/index.php?rest_route=%2Fwp%2Fv2%2Fcomments&post=127"}],"version-history":[{"count":10,"href":"https:\/\/www.agronaturfert.sk\/index.php?rest_route=\/wp\/v2\/pages\/127\/revisions"}],"predecessor-version":[{"id":423,"href":"https:\/\/www.agronaturfert.sk\/index.php?rest_route=\/wp\/v2\/pages\/127\/revisions\/423"}],"wp:attachment":[{"href":"https:\/\/www.agronaturfert.sk\/index.php?rest_route=%2Fwp%2Fv2%2Fmedia&parent=127"}],"curies":[{"name":"wp","href":"https:\/\/api.w.org\/{rel}","templated":true}]}}