{"id":146,"date":"2014-12-23T01:33:08","date_gmt":"2014-12-22T23:33:08","guid":{"rendered":"http:\/\/www.agronaturfert.sk\/?page_id=146"},"modified":"2026-03-29T22:46:37","modified_gmt":"2026-03-29T20:46:37","slug":"lll","status":"publish","type":"page","link":"https:\/\/www.agronaturfert.sk\/?page_id=146","title":{"rendered":"KONTAKT:"},"content":{"rendered":"<h3 style=\"text-align: center;\"><b>AGRO NATURFERT\u00a0 s.r.o.<\/b><\/h3>\n<h3 style=\"text-align: center;\"><b><span class=\"ra\">Opletalova\u00a0<\/span><span class=\"ra\">1298\/32<\/span> ,\u00a0 946 51\u00a0 Nesvady<\/b><\/h3>\n<h5 style=\"text-align: center;\"><b>I\u010cO: 46642498\u00a0\u00a0\u00a0\u00a0\u00a0\u00a0\u00a0\u00a0\u00a0\u00a0\u00a0 DI\u010c: 2023510390\u00a0\u00a0\u00a0\u00a0\u00a0\u00a0\u00a0\u00a0\u00a0\u00a0\u00a0 I\u010c DPH: SK2023510390<\/b><\/h5>\n<h5 style=\"text-align: center;\"><b>\u00a0 Ing. Marek Vetter\u00a0\u00a0\u00a0\u00a0\u00a0\u00a0\u00a0\u00a0\u00a0\u00a0\u00a0\u00a0\u00a0\u00a0\u00a0\u00a0\u00a0\u00a0\u00a0\u00a0\u00a0\u00a0\u00a0\u00a0\u00a0\u00a0\u00a0 Ing. So\u0148a Vetterov\u00e1<\/b><\/h5>\n<h5 style=\"text-align: center;\"><b>\u00a0 \u00a0 \u00a0\u00a0<\/b><b>vetter<\/b><b>@agronaturfert.sk\u00a0 \u00a0 \u00a0 \u00a0 \u00a0 \u00a0 \u00a0 vetterova<\/b><b>@agronaturfert.sk<\/b><b>\u00a0<\/b><\/h5>\n<h5 style=\"text-align: center;\"><b>+421 918 491 721 <\/b><b>\u00a0 \u00a0 \u00a0 \u00a0 \u00a0 \u00a0 \u00a0 \u00a0 \u00a0 \u00a0 \u00a0 \u00a0 \u00a0 \u00a0 \u00a0 \u00a0 +421 949 710 677<\/b><\/h5>\n","protected":false},"excerpt":{"rendered":"<p>AGRO NATURFERT\u00a0 s.r.o. Opletalova\u00a01298\/32 ,\u00a0 946 51\u00a0 Nesvady I\u010cO: 46642498\u00a0\u00a0\u00a0\u00a0\u00a0\u00a0\u00a0\u00a0\u00a0\u00a0\u00a0 DI\u010c: 2023510390\u00a0\u00a0\u00a0\u00a0\u00a0\u00a0\u00a0\u00a0\u00a0\u00a0\u00a0 I\u010c DPH: SK2023510390 \u00a0 Ing. Marek Vetter\u00a0\u00a0\u00a0\u00a0\u00a0\u00a0\u00a0\u00a0\u00a0\u00a0\u00a0\u00a0\u00a0\u00a0\u00a0\u00a0\u00a0\u00a0\u00a0\u00a0\u00a0\u00a0\u00a0\u00a0\u00a0\u00a0\u00a0 Ing. So\u0148a Vetterov\u00e1 \u00a0 \u00a0 \u00a0\u00a0vetter@agronaturfert.sk\u00a0 \u00a0 \u00a0 \u00a0 \u00a0 \u00a0 \u00a0 vetterova@agronaturfert.sk\u00a0 +421 918 491 721 \u00a0 \u00a0 \u00a0 \u00a0 \u00a0 \u00a0 \u00a0 \u00a0 \u00a0 \u00a0 \u00a0 \u00a0 \u00a0 \u00a0 \u00a0 \u00a0 +421 949 710 <a class=\"read-more\" href=\"https:\/\/www.agronaturfert.sk\/?page_id=146\">...continue reading <span class=\"meta-nav\">&rarr;<\/span><\/a><\/p>\n","protected":false},"author":1,"featured_media":0,"parent":0,"menu_order":1,"comment_status":"closed","ping_status":"closed","template":"","meta":{"_exactmetrics_skip_tracking":false,"_exactmetrics_sitenote_active":false,"_exactmetrics_sitenote_note":"","_exactmetrics_sitenote_category":0,"footnotes":""},"class_list":["post-146","page","type-page","status-publish","hentry"],"yoast_head":"<!-- This site is optimized with the Yoast SEO plugin v27.6 - https:\/\/yoast.com\/product\/yoast-seo-wordpress\/ -->\n<title>KONTAKT: - MikroFertil<\/title>\n<meta name=\"robots\" content=\"index, follow, max-snippet:-1, max-image-preview:large, max-video-preview:-1\" \/>\n<link rel=\"canonical\" href=\"https:\/\/www.agronaturfert.sk\/?page_id=146\" \/>\n<meta property=\"og:locale\" content=\"sk_SK\" \/>\n<meta property=\"og:type\" content=\"article\" \/>\n<meta property=\"og:title\" content=\"KONTAKT: - MikroFertil\" \/>\n<meta property=\"og:description\" content=\"AGRO NATURFERT\u00a0 s.r.o. Opletalova\u00a01298\/32 ,\u00a0 946 51\u00a0 Nesvady I\u010cO: 46642498\u00a0\u00a0\u00a0\u00a0\u00a0\u00a0\u00a0\u00a0\u00a0\u00a0\u00a0 DI\u010c: 2023510390\u00a0\u00a0\u00a0\u00a0\u00a0\u00a0\u00a0\u00a0\u00a0\u00a0\u00a0 I\u010c DPH: SK2023510390 \u00a0 Ing. Marek Vetter\u00a0\u00a0\u00a0\u00a0\u00a0\u00a0\u00a0\u00a0\u00a0\u00a0\u00a0\u00a0\u00a0\u00a0\u00a0\u00a0\u00a0\u00a0\u00a0\u00a0\u00a0\u00a0\u00a0\u00a0\u00a0\u00a0\u00a0 Ing. So\u0148a Vetterov\u00e1 \u00a0 \u00a0 \u00a0\u00a0vetter@agronaturfert.sk\u00a0 \u00a0 \u00a0 \u00a0 \u00a0 \u00a0 \u00a0 vetterova@agronaturfert.sk\u00a0 +421 918 491 721 \u00a0 \u00a0 \u00a0 \u00a0 \u00a0 \u00a0 \u00a0 \u00a0 \u00a0 \u00a0 \u00a0 \u00a0 \u00a0 \u00a0 \u00a0 \u00a0 +421 949 710 ...continue reading &rarr;\" \/>\n<meta property=\"og:url\" content=\"https:\/\/www.agronaturfert.sk\/?page_id=146\" \/>\n<meta property=\"og:site_name\" content=\"MikroFertil\" \/>\n<meta property=\"article:modified_time\" content=\"2026-03-29T20:46:37+00:00\" \/>\n<meta name=\"twitter:card\" content=\"summary_large_image\" \/>\n<meta name=\"twitter:label1\" content=\"Predpokladan\u00fd \u010das \u010d\u00edtania\" \/>\n\t<meta name=\"twitter:data1\" content=\"1 min\u00fata\" \/>\n<script type=\"application\/ld+json\" class=\"yoast-schema-graph\">{\"@context\":\"https:\\\/\\\/schema.org\",\"@graph\":[{\"@type\":\"WebPage\",\"@id\":\"https:\\\/\\\/www.agronaturfert.sk\\\/?page_id=146\",\"url\":\"https:\\\/\\\/www.agronaturfert.sk\\\/?page_id=146\",\"name\":\"KONTAKT: - MikroFertil\",\"isPartOf\":{\"@id\":\"https:\\\/\\\/www.agronaturfert.sk\\\/#website\"},\"datePublished\":\"2014-12-22T23:33:08+00:00\",\"dateModified\":\"2026-03-29T20:46:37+00:00\",\"breadcrumb\":{\"@id\":\"https:\\\/\\\/www.agronaturfert.sk\\\/?page_id=146#breadcrumb\"},\"inLanguage\":\"sk-SK\",\"potentialAction\":[{\"@type\":\"ReadAction\",\"target\":[\"https:\\\/\\\/www.agronaturfert.sk\\\/?page_id=146\"]}]},{\"@type\":\"BreadcrumbList\",\"@id\":\"https:\\\/\\\/www.agronaturfert.sk\\\/?page_id=146#breadcrumb\",\"itemListElement\":[{\"@type\":\"ListItem\",\"position\":1,\"name\":\"Home\",\"item\":\"https:\\\/\\\/www.agronaturfert.sk\\\/\"},{\"@type\":\"ListItem\",\"position\":2,\"name\":\"KONTAKT:\"}]},{\"@type\":\"WebSite\",\"@id\":\"https:\\\/\\\/www.agronaturfert.sk\\\/#website\",\"url\":\"https:\\\/\\\/www.agronaturfert.sk\\\/\",\"name\":\"MikroFertil\",\"description\":\".... nes\u013eubujeme z\u00e1zraky , pon\u00fakame rie\u0161enia ....\",\"potentialAction\":[{\"@type\":\"SearchAction\",\"target\":{\"@type\":\"EntryPoint\",\"urlTemplate\":\"https:\\\/\\\/www.agronaturfert.sk\\\/?s={search_term_string}\"},\"query-input\":{\"@type\":\"PropertyValueSpecification\",\"valueRequired\":true,\"valueName\":\"search_term_string\"}}],\"inLanguage\":\"sk-SK\"}]}<\/script>\n<!-- \/ Yoast SEO plugin. -->","yoast_head_json":{"title":"KONTAKT: - MikroFertil","robots":{"index":"index","follow":"follow","max-snippet":"max-snippet:-1","max-image-preview":"max-image-preview:large","max-video-preview":"max-video-preview:-1"},"canonical":"https:\/\/www.agronaturfert.sk\/?page_id=146","og_locale":"sk_SK","og_type":"article","og_title":"KONTAKT: - MikroFertil","og_description":"AGRO NATURFERT\u00a0 s.r.o. Opletalova\u00a01298\/32 ,\u00a0 946 51\u00a0 Nesvady I\u010cO: 46642498\u00a0\u00a0\u00a0\u00a0\u00a0\u00a0\u00a0\u00a0\u00a0\u00a0\u00a0 DI\u010c: 2023510390\u00a0\u00a0\u00a0\u00a0\u00a0\u00a0\u00a0\u00a0\u00a0\u00a0\u00a0 I\u010c DPH: SK2023510390 \u00a0 Ing. Marek Vetter\u00a0\u00a0\u00a0\u00a0\u00a0\u00a0\u00a0\u00a0\u00a0\u00a0\u00a0\u00a0\u00a0\u00a0\u00a0\u00a0\u00a0\u00a0\u00a0\u00a0\u00a0\u00a0\u00a0\u00a0\u00a0\u00a0\u00a0 Ing. So\u0148a Vetterov\u00e1 \u00a0 \u00a0 \u00a0\u00a0vetter@agronaturfert.sk\u00a0 \u00a0 \u00a0 \u00a0 \u00a0 \u00a0 \u00a0 vetterova@agronaturfert.sk\u00a0 +421 918 491 721 \u00a0 \u00a0 \u00a0 \u00a0 \u00a0 \u00a0 \u00a0 \u00a0 \u00a0 \u00a0 \u00a0 \u00a0 \u00a0 \u00a0 \u00a0 \u00a0 +421 949 710 ...continue reading &rarr;","og_url":"https:\/\/www.agronaturfert.sk\/?page_id=146","og_site_name":"MikroFertil","article_modified_time":"2026-03-29T20:46:37+00:00","twitter_card":"summary_large_image","twitter_misc":{"Predpokladan\u00fd \u010das \u010d\u00edtania":"1 min\u00fata"},"schema":{"@context":"https:\/\/schema.org","@graph":[{"@type":"WebPage","@id":"https:\/\/www.agronaturfert.sk\/?page_id=146","url":"https:\/\/www.agronaturfert.sk\/?page_id=146","name":"KONTAKT: - MikroFertil","isPartOf":{"@id":"https:\/\/www.agronaturfert.sk\/#website"},"datePublished":"2014-12-22T23:33:08+00:00","dateModified":"2026-03-29T20:46:37+00:00","breadcrumb":{"@id":"https:\/\/www.agronaturfert.sk\/?page_id=146#breadcrumb"},"inLanguage":"sk-SK","potentialAction":[{"@type":"ReadAction","target":["https:\/\/www.agronaturfert.sk\/?page_id=146"]}]},{"@type":"BreadcrumbList","@id":"https:\/\/www.agronaturfert.sk\/?page_id=146#breadcrumb","itemListElement":[{"@type":"ListItem","position":1,"name":"Home","item":"https:\/\/www.agronaturfert.sk\/"},{"@type":"ListItem","position":2,"name":"KONTAKT:"}]},{"@type":"WebSite","@id":"https:\/\/www.agronaturfert.sk\/#website","url":"https:\/\/www.agronaturfert.sk\/","name":"MikroFertil","description":".... nes\u013eubujeme z\u00e1zraky , pon\u00fakame rie\u0161enia ....","potentialAction":[{"@type":"SearchAction","target":{"@type":"EntryPoint","urlTemplate":"https:\/\/www.agronaturfert.sk\/?s={search_term_string}"},"query-input":{"@type":"PropertyValueSpecification","valueRequired":true,"valueName":"search_term_string"}}],"inLanguage":"sk-SK"}]}},"_links":{"self":[{"href":"https:\/\/www.agronaturfert.sk\/index.php?rest_route=\/wp\/v2\/pages\/146","targetHints":{"allow":["GET"]}}],"collection":[{"href":"https:\/\/www.agronaturfert.sk\/index.php?rest_route=\/wp\/v2\/pages"}],"about":[{"href":"https:\/\/www.agronaturfert.sk\/index.php?rest_route=\/wp\/v2\/types\/page"}],"author":[{"embeddable":true,"href":"https:\/\/www.agronaturfert.sk\/index.php?rest_route=\/wp\/v2\/users\/1"}],"replies":[{"embeddable":true,"href":"https:\/\/www.agronaturfert.sk\/index.php?rest_route=%2Fwp%2Fv2%2Fcomments&post=146"}],"version-history":[{"count":33,"href":"https:\/\/www.agronaturfert.sk\/index.php?rest_route=\/wp\/v2\/pages\/146\/revisions"}],"predecessor-version":[{"id":1017,"href":"https:\/\/www.agronaturfert.sk\/index.php?rest_route=\/wp\/v2\/pages\/146\/revisions\/1017"}],"wp:attachment":[{"href":"https:\/\/www.agronaturfert.sk\/index.php?rest_route=%2Fwp%2Fv2%2Fmedia&parent=146"}],"curies":[{"name":"wp","href":"https:\/\/api.w.org\/{rel}","templated":true}]}}