{"id":2,"date":"2014-01-31T07:56:21","date_gmt":"2014-01-31T07:56:21","guid":{"rendered":"http:\/\/www.agronaturfert.sk\/?page_id=2"},"modified":"2026-03-29T22:40:33","modified_gmt":"2026-03-29T20:40:33","slug":"ukazka-strany","status":"publish","type":"page","link":"https:\/\/www.agronaturfert.sk\/","title":{"rendered":"AGRO NATURFERT s.r.o."},"content":{"rendered":"<div class=\"wp-block-image\">\n<figure class=\"aligncenter is-resized\"><img loading=\"lazy\" decoding=\"async\" width=\"1024\" height=\"573\" src=\"https:\/\/www.agronaturfert.sk\/wp-content\/uploads\/2014\/12\/Agro-naturfert-logo-jpg3-1024x573.jpg\" alt=\"\" class=\"wp-image-10\" style=\"width:272px;height:152px\" srcset=\"https:\/\/www.agronaturfert.sk\/wp-content\/uploads\/2014\/12\/Agro-naturfert-logo-jpg3-1024x573.jpg 1024w, https:\/\/www.agronaturfert.sk\/wp-content\/uploads\/2014\/12\/Agro-naturfert-logo-jpg3-300x168.jpg 300w, https:\/\/www.agronaturfert.sk\/wp-content\/uploads\/2014\/12\/Agro-naturfert-logo-jpg3-624x349.jpg 624w, https:\/\/www.agronaturfert.sk\/wp-content\/uploads\/2014\/12\/Agro-naturfert-logo-jpg3.jpg 1216w\" sizes=\"auto, (max-width: 1024px) 100vw, 1024px\" \/><\/figure>\n<\/div>\n\n<h3 style=\"text-align: center;\"><strong><span style=\"color: #ff0000;\">P\u0161enica ozimn\u00e1\u00a0\u00a0<\/span><\/strong><\/h3>\n<h3 style=\"text-align: center;\"><a href=\"https:\/\/www.agronaturfert.sk\/wp-content\/uploads\/2024\/01\/P\u0161enica-ozimn\u00e1-jar-2024.pdf\">P\u0161enica ozimn\u00e1 2026<\/a>\u00a0<\/h3>\n<h3 style=\"text-align: center;\"><strong><span style=\"color: #ff0000;\">Repka ozimn\u00e1<\/span><\/strong><\/h3>\n<h3 style=\"text-align: center;\"><a href=\"https:\/\/www.agronaturfert.sk\/wp-content\/uploads\/2024\/01\/Repka-ozimn\u00e1-jar-2024.pdf\">Repka ozimn\u00e1 jar 2026<\/a><\/h3>\n<h3 style=\"text-align: center;\">\u00a0<\/h3>\n<ul>\n<li>Spolo\u010dnos\u0165 AGRO NATURFERT vznikla v\u00a0roku 2012 . Od tohto obdobia sa zaober\u00e1 problematikou\u00a0v\u00fd\u017eivy a hnojenia rastl\u00edn, ako aj odborn\u00fdm poradenstvom v tejto oblasti.<\/li>\n<li>V na\u0161om portf\u00f3liu s\u00fa vlastn\u00e9 listov\u00e9 hnojiv\u00e1 a\u00a0rastlinn\u00e9 stimulanty\u00a0radu <strong><span style=\"color: #993300;\">MikroFertil<\/span><\/strong> vyvinut\u00e9\u00a0na\u0161ou spolo\u010dnos\u0165ou a vyr\u00e1ban\u00e9 na Slovenku.<\/li>\n<li>Poskytujeme vy\u0161e 20 ro\u010dn\u00e9 praktick\u00e9 a odborn\u00e9 sk\u00fasenosti , pon\u00fakame\u00a0 produkty s optim\u00e1lnym pomerom makro , mikro\u017eiv\u00edn a stimula\u010dn\u00fdch l\u00e1tok pre jednotliv\u00e9 plodiny.<\/li>\n<li>Od roku 2018 sme svoju \u010dinnos\u0165 roz\u0161\u00edrili o\u00a0oblas\u0165 stavebn\u00edctva , realizujeme vypracovanie kompletnej projektovej dokument\u00e1cie pre pozemn\u00e9 stavby vr\u00e1tane v\u0161etk\u00fdch profesi\u00ed, rozpo\u010dtu a\u00a03D vizualiz\u00e1ci\u00ed interi\u00e9ru a exteri\u00e9ru.<\/li>\n<li>Projektov\u00fa dokument\u00e1ciu vypracov\u00e1vame pod\u013ea predst\u00e1v a po\u017eiadaviek zad\u00e1vate\u013ea , tzn. \u0161t\u00fadia, \u00fazemn\u00e9 povolenie, stavebn\u00e9 povolenie, realiza\u010dn\u00e9 v\u00fdkresy, pr\u00edpadne in\u00e9 n\u00e1le\u017eitosti v\u00a0z\u00e1vislosti od potrieb investora.<\/li>\n<\/ul>\n<p style=\"text-align: center;\"><strong>Te\u0161\u00edme sa na na\u0161u spolo\u010dn\u00fa spolupr\u00e1cu.<\/strong><\/p>","protected":false},"excerpt":{"rendered":"<p>P\u0161enica ozimn\u00e1\u00a0\u00a0 P\u0161enica ozimn\u00e1 2026\u00a0 Repka ozimn\u00e1 Repka ozimn\u00e1 jar 2026 \u00a0 Spolo\u010dnos\u0165 AGRO NATURFERT vznikla v\u00a0roku 2012 . Od tohto obdobia sa zaober\u00e1 problematikou\u00a0v\u00fd\u017eivy a hnojenia rastl\u00edn, ako aj odborn\u00fdm poradenstvom v tejto oblasti. V na\u0161om portf\u00f3liu s\u00fa vlastn\u00e9 listov\u00e9 hnojiv\u00e1 a\u00a0rastlinn\u00e9 stimulanty\u00a0radu MikroFertil vyvinut\u00e9\u00a0na\u0161ou spolo\u010dnos\u0165ou a vyr\u00e1ban\u00e9 na Slovenku. Poskytujeme vy\u0161e 20 ro\u010dn\u00e9 <a class=\"read-more\" href=\"https:\/\/www.agronaturfert.sk\/\">...continue reading <span class=\"meta-nav\">&rarr;<\/span><\/a><\/p>\n","protected":false},"author":1,"featured_media":0,"parent":0,"menu_order":1,"comment_status":"open","ping_status":"open","template":"page-templates\/front-page.php","meta":{"_exactmetrics_skip_tracking":false,"_exactmetrics_sitenote_active":false,"_exactmetrics_sitenote_note":"","_exactmetrics_sitenote_category":0,"footnotes":""},"class_list":["post-2","page","type-page","status-publish","hentry"],"yoast_head":"<!-- This site is optimized with the Yoast SEO plugin v27.5 - https:\/\/yoast.com\/product\/yoast-seo-wordpress\/ -->\n<title>AGRO NATURFERT s.r.o. - MikroFertil<\/title>\n<meta name=\"robots\" content=\"index, follow, max-snippet:-1, max-image-preview:large, max-video-preview:-1\" \/>\n<link rel=\"canonical\" href=\"https:\/\/www.agronaturfert.sk\/\" \/>\n<meta property=\"og:locale\" content=\"sk_SK\" \/>\n<meta property=\"og:type\" content=\"article\" \/>\n<meta property=\"og:title\" content=\"AGRO NATURFERT s.r.o. - MikroFertil\" \/>\n<meta property=\"og:description\" content=\"P\u0161enica ozimn\u00e1\u00a0\u00a0 P\u0161enica ozimn\u00e1 2026\u00a0 Repka ozimn\u00e1 Repka ozimn\u00e1 jar 2026 \u00a0 Spolo\u010dnos\u0165 AGRO NATURFERT vznikla v\u00a0roku 2012 . Od tohto obdobia sa zaober\u00e1 problematikou\u00a0v\u00fd\u017eivy a hnojenia rastl\u00edn, ako aj odborn\u00fdm poradenstvom v tejto oblasti. V na\u0161om portf\u00f3liu s\u00fa vlastn\u00e9 listov\u00e9 hnojiv\u00e1 a\u00a0rastlinn\u00e9 stimulanty\u00a0radu MikroFertil vyvinut\u00e9\u00a0na\u0161ou spolo\u010dnos\u0165ou a vyr\u00e1ban\u00e9 na Slovenku. Poskytujeme vy\u0161e 20 ro\u010dn\u00e9 ...continue reading &rarr;\" \/>\n<meta property=\"og:url\" content=\"https:\/\/www.agronaturfert.sk\/\" \/>\n<meta property=\"og:site_name\" content=\"MikroFertil\" \/>\n<meta property=\"article:modified_time\" content=\"2026-03-29T20:40:33+00:00\" \/>\n<meta property=\"og:image\" content=\"https:\/\/www.agronaturfert.sk\/wp-content\/uploads\/2014\/12\/Agro-naturfert-logo-jpg3.jpg\" \/>\n\t<meta property=\"og:image:width\" content=\"1216\" \/>\n\t<meta property=\"og:image:height\" content=\"681\" \/>\n\t<meta property=\"og:image:type\" content=\"image\/jpeg\" \/>\n<meta name=\"twitter:card\" content=\"summary_large_image\" \/>\n<meta name=\"twitter:label1\" content=\"Predpokladan\u00fd \u010das \u010d\u00edtania\" \/>\n\t<meta name=\"twitter:data1\" content=\"1 min\u00fata\" \/>\n<script type=\"application\/ld+json\" class=\"yoast-schema-graph\">{\"@context\":\"https:\\\/\\\/schema.org\",\"@graph\":[{\"@type\":\"WebPage\",\"@id\":\"https:\\\/\\\/www.agronaturfert.sk\\\/\",\"url\":\"https:\\\/\\\/www.agronaturfert.sk\\\/\",\"name\":\"AGRO NATURFERT s.r.o. - MikroFertil\",\"isPartOf\":{\"@id\":\"https:\\\/\\\/www.agronaturfert.sk\\\/#website\"},\"primaryImageOfPage\":{\"@id\":\"https:\\\/\\\/www.agronaturfert.sk\\\/#primaryimage\"},\"image\":{\"@id\":\"https:\\\/\\\/www.agronaturfert.sk\\\/#primaryimage\"},\"thumbnailUrl\":\"https:\\\/\\\/www.agronaturfert.sk\\\/wp-content\\\/uploads\\\/2014\\\/12\\\/Agro-naturfert-logo-jpg3-1024x573.jpg\",\"datePublished\":\"2014-01-31T07:56:21+00:00\",\"dateModified\":\"2026-03-29T20:40:33+00:00\",\"breadcrumb\":{\"@id\":\"https:\\\/\\\/www.agronaturfert.sk\\\/#breadcrumb\"},\"inLanguage\":\"sk-SK\",\"potentialAction\":[{\"@type\":\"ReadAction\",\"target\":[\"https:\\\/\\\/www.agronaturfert.sk\\\/\"]}]},{\"@type\":\"ImageObject\",\"inLanguage\":\"sk-SK\",\"@id\":\"https:\\\/\\\/www.agronaturfert.sk\\\/#primaryimage\",\"url\":\"https:\\\/\\\/www.agronaturfert.sk\\\/wp-content\\\/uploads\\\/2014\\\/12\\\/Agro-naturfert-logo-jpg3.jpg\",\"contentUrl\":\"https:\\\/\\\/www.agronaturfert.sk\\\/wp-content\\\/uploads\\\/2014\\\/12\\\/Agro-naturfert-logo-jpg3.jpg\",\"width\":1216,\"height\":681},{\"@type\":\"BreadcrumbList\",\"@id\":\"https:\\\/\\\/www.agronaturfert.sk\\\/#breadcrumb\",\"itemListElement\":[{\"@type\":\"ListItem\",\"position\":1,\"name\":\"Home\",\"item\":\"https:\\\/\\\/www.agronaturfert.sk\\\/\"},{\"@type\":\"ListItem\",\"position\":2,\"name\":\"AGRO NATURFERT s.r.o.\"}]},{\"@type\":\"WebSite\",\"@id\":\"https:\\\/\\\/www.agronaturfert.sk\\\/#website\",\"url\":\"https:\\\/\\\/www.agronaturfert.sk\\\/\",\"name\":\"MikroFertil\",\"description\":\".... nes\u013eubujeme z\u00e1zraky , pon\u00fakame rie\u0161enia ....\",\"potentialAction\":[{\"@type\":\"SearchAction\",\"target\":{\"@type\":\"EntryPoint\",\"urlTemplate\":\"https:\\\/\\\/www.agronaturfert.sk\\\/?s={search_term_string}\"},\"query-input\":{\"@type\":\"PropertyValueSpecification\",\"valueRequired\":true,\"valueName\":\"search_term_string\"}}],\"inLanguage\":\"sk-SK\"}]}<\/script>\n<!-- \/ Yoast SEO plugin. -->","yoast_head_json":{"title":"AGRO NATURFERT s.r.o. - MikroFertil","robots":{"index":"index","follow":"follow","max-snippet":"max-snippet:-1","max-image-preview":"max-image-preview:large","max-video-preview":"max-video-preview:-1"},"canonical":"https:\/\/www.agronaturfert.sk\/","og_locale":"sk_SK","og_type":"article","og_title":"AGRO NATURFERT s.r.o. - MikroFertil","og_description":"P\u0161enica ozimn\u00e1\u00a0\u00a0 P\u0161enica ozimn\u00e1 2026\u00a0 Repka ozimn\u00e1 Repka ozimn\u00e1 jar 2026 \u00a0 Spolo\u010dnos\u0165 AGRO NATURFERT vznikla v\u00a0roku 2012 . Od tohto obdobia sa zaober\u00e1 problematikou\u00a0v\u00fd\u017eivy a hnojenia rastl\u00edn, ako aj odborn\u00fdm poradenstvom v tejto oblasti. V na\u0161om portf\u00f3liu s\u00fa vlastn\u00e9 listov\u00e9 hnojiv\u00e1 a\u00a0rastlinn\u00e9 stimulanty\u00a0radu MikroFertil vyvinut\u00e9\u00a0na\u0161ou spolo\u010dnos\u0165ou a vyr\u00e1ban\u00e9 na Slovenku. Poskytujeme vy\u0161e 20 ro\u010dn\u00e9 ...continue reading &rarr;","og_url":"https:\/\/www.agronaturfert.sk\/","og_site_name":"MikroFertil","article_modified_time":"2026-03-29T20:40:33+00:00","og_image":[{"width":1216,"height":681,"url":"https:\/\/www.agronaturfert.sk\/wp-content\/uploads\/2014\/12\/Agro-naturfert-logo-jpg3.jpg","type":"image\/jpeg"}],"twitter_card":"summary_large_image","twitter_misc":{"Predpokladan\u00fd \u010das \u010d\u00edtania":"1 min\u00fata"},"schema":{"@context":"https:\/\/schema.org","@graph":[{"@type":"WebPage","@id":"https:\/\/www.agronaturfert.sk\/","url":"https:\/\/www.agronaturfert.sk\/","name":"AGRO NATURFERT s.r.o. - MikroFertil","isPartOf":{"@id":"https:\/\/www.agronaturfert.sk\/#website"},"primaryImageOfPage":{"@id":"https:\/\/www.agronaturfert.sk\/#primaryimage"},"image":{"@id":"https:\/\/www.agronaturfert.sk\/#primaryimage"},"thumbnailUrl":"https:\/\/www.agronaturfert.sk\/wp-content\/uploads\/2014\/12\/Agro-naturfert-logo-jpg3-1024x573.jpg","datePublished":"2014-01-31T07:56:21+00:00","dateModified":"2026-03-29T20:40:33+00:00","breadcrumb":{"@id":"https:\/\/www.agronaturfert.sk\/#breadcrumb"},"inLanguage":"sk-SK","potentialAction":[{"@type":"ReadAction","target":["https:\/\/www.agronaturfert.sk\/"]}]},{"@type":"ImageObject","inLanguage":"sk-SK","@id":"https:\/\/www.agronaturfert.sk\/#primaryimage","url":"https:\/\/www.agronaturfert.sk\/wp-content\/uploads\/2014\/12\/Agro-naturfert-logo-jpg3.jpg","contentUrl":"https:\/\/www.agronaturfert.sk\/wp-content\/uploads\/2014\/12\/Agro-naturfert-logo-jpg3.jpg","width":1216,"height":681},{"@type":"BreadcrumbList","@id":"https:\/\/www.agronaturfert.sk\/#breadcrumb","itemListElement":[{"@type":"ListItem","position":1,"name":"Home","item":"https:\/\/www.agronaturfert.sk\/"},{"@type":"ListItem","position":2,"name":"AGRO NATURFERT s.r.o."}]},{"@type":"WebSite","@id":"https:\/\/www.agronaturfert.sk\/#website","url":"https:\/\/www.agronaturfert.sk\/","name":"MikroFertil","description":".... nes\u013eubujeme z\u00e1zraky , pon\u00fakame rie\u0161enia ....","potentialAction":[{"@type":"SearchAction","target":{"@type":"EntryPoint","urlTemplate":"https:\/\/www.agronaturfert.sk\/?s={search_term_string}"},"query-input":{"@type":"PropertyValueSpecification","valueRequired":true,"valueName":"search_term_string"}}],"inLanguage":"sk-SK"}]}},"_links":{"self":[{"href":"https:\/\/www.agronaturfert.sk\/index.php?rest_route=\/wp\/v2\/pages\/2","targetHints":{"allow":["GET"]}}],"collection":[{"href":"https:\/\/www.agronaturfert.sk\/index.php?rest_route=\/wp\/v2\/pages"}],"about":[{"href":"https:\/\/www.agronaturfert.sk\/index.php?rest_route=\/wp\/v2\/types\/page"}],"author":[{"embeddable":true,"href":"https:\/\/www.agronaturfert.sk\/index.php?rest_route=\/wp\/v2\/users\/1"}],"replies":[{"embeddable":true,"href":"https:\/\/www.agronaturfert.sk\/index.php?rest_route=%2Fwp%2Fv2%2Fcomments&post=2"}],"version-history":[{"count":50,"href":"https:\/\/www.agronaturfert.sk\/index.php?rest_route=\/wp\/v2\/pages\/2\/revisions"}],"predecessor-version":[{"id":1015,"href":"https:\/\/www.agronaturfert.sk\/index.php?rest_route=\/wp\/v2\/pages\/2\/revisions\/1015"}],"wp:attachment":[{"href":"https:\/\/www.agronaturfert.sk\/index.php?rest_route=%2Fwp%2Fv2%2Fmedia&parent=2"}],"curies":[{"name":"wp","href":"https:\/\/api.w.org\/{rel}","templated":true}]}}