{"id":454,"date":"2019-01-13T17:33:27","date_gmt":"2019-01-13T15:33:27","guid":{"rendered":"http:\/\/www.agronaturfert.sk\/?page_id=454"},"modified":"2026-03-29T23:14:43","modified_gmt":"2026-03-29T21:14:43","slug":"plodinove-riesenia","status":"publish","type":"page","link":"https:\/\/www.agronaturfert.sk\/?page_id=454","title":{"rendered":"Term\u00edn aplik\u00e1cie:"},"content":{"rendered":"\n<div class=\"wp-block-file alignleft\"><a href=\"https:\/\/www.agronaturfert.sk\/wp-content\/uploads\/2019\/01\/p\u0161enica-ozimna-2.pdf\"><br><br><\/a><\/div>\n\n\n\n<ul class=\"wp-block-list\">\n<li> Spr\u00e1vny agrotechnick\u00fd term\u00edn , v\u00fdber vhodn\u00e9ho listov\u00e9ho hnojiva a\u00a0optim\u00e1lne na\u010dasovanie aplik\u00e1cie jednotliv\u00fdch mikro prvkov a\u00a0rastlinn\u00fdch stimulantov s\u00fa najd\u00f4le\u017eitej\u0161ie faktory k\u00a0dosiahnutiu po\u017eadovan\u00e9ho efektu = <strong>zv\u00fd\u0161enie kvantitat\u00edvnych a\u00a0kvalitat\u00edvnych parametrov jednotliv\u00fdch plod\u00edn.<\/strong> <\/li>\n<\/ul>\n\n\n\n<div class=\"wp-block-file aligncenter\"><\/div>\n\n\n\n<div class=\"wp-block-file\"><a href=\"https:\/\/www.agronaturfert.sk\/wp-content\/uploads\/2019\/01\/P\u0161enica-ozimn\u00e1.pdf\">P\u0161enica ozimn\u00e1<\/a><\/div>\n\n\n\n<div class=\"wp-block-file\"><a href=\"https:\/\/www.agronaturfert.sk\/wp-content\/uploads\/2019\/01\/repka-ozimna.pdf\">Repka ozimn\u00e1<\/a><\/div>\n\n\n\n<div class=\"wp-block-file\"><a href=\"https:\/\/www.agronaturfert.sk\/wp-content\/uploads\/2019\/01\/Slne\u010dnica.pdf\">Slne\u010dnica<\/a><\/div>\n\n\n\n<div class=\"wp-block-file\"><a href=\"https:\/\/www.agronaturfert.sk\/wp-content\/uploads\/2019\/01\/Kukurica.pdf\">Kukurica<\/a><\/div>\n\n\n\n<div class=\"wp-block-file\"><a href=\"https:\/\/www.agronaturfert.sk\/wp-content\/uploads\/2019\/01\/Ja\u010dme\u0148-jarn\u00fd.pdf\">Ja\u010dme\u0148 jarn\u00fd<\/a><\/div>\n\n\n\n<div class=\"wp-block-file\"><\/div>\n\n\n\n<p><\/p>\n","protected":false},"excerpt":{"rendered":"","protected":false},"author":1,"featured_media":0,"parent":0,"menu_order":0,"comment_status":"closed","ping_status":"closed","template":"page-templates\/front-page.php","meta":{"_exactmetrics_skip_tracking":false,"_exactmetrics_sitenote_active":false,"_exactmetrics_sitenote_note":"","_exactmetrics_sitenote_category":0,"footnotes":""},"class_list":["post-454","page","type-page","status-publish","hentry"],"yoast_head":"<!-- This site is optimized with the Yoast SEO plugin v27.6 - https:\/\/yoast.com\/product\/yoast-seo-wordpress\/ -->\n<title>Term\u00edn aplik\u00e1cie: - MikroFertil<\/title>\n<meta name=\"robots\" content=\"index, follow, max-snippet:-1, max-image-preview:large, max-video-preview:-1\" \/>\n<link rel=\"canonical\" href=\"https:\/\/www.agronaturfert.sk\/?page_id=454\" \/>\n<meta property=\"og:locale\" content=\"sk_SK\" \/>\n<meta property=\"og:type\" content=\"article\" \/>\n<meta property=\"og:title\" content=\"Term\u00edn aplik\u00e1cie: - MikroFertil\" \/>\n<meta property=\"og:url\" content=\"https:\/\/www.agronaturfert.sk\/?page_id=454\" \/>\n<meta property=\"og:site_name\" content=\"MikroFertil\" \/>\n<meta property=\"article:modified_time\" content=\"2026-03-29T21:14:43+00:00\" \/>\n<meta name=\"twitter:card\" content=\"summary_large_image\" \/>\n<meta name=\"twitter:label1\" content=\"Predpokladan\u00fd \u010das \u010d\u00edtania\" \/>\n\t<meta name=\"twitter:data1\" content=\"1 min\u00fata\" \/>\n<script type=\"application\/ld+json\" class=\"yoast-schema-graph\">{\"@context\":\"https:\\\/\\\/schema.org\",\"@graph\":[{\"@type\":\"WebPage\",\"@id\":\"https:\\\/\\\/www.agronaturfert.sk\\\/?page_id=454\",\"url\":\"https:\\\/\\\/www.agronaturfert.sk\\\/?page_id=454\",\"name\":\"Term\u00edn aplik\u00e1cie: - MikroFertil\",\"isPartOf\":{\"@id\":\"https:\\\/\\\/www.agronaturfert.sk\\\/#website\"},\"datePublished\":\"2019-01-13T15:33:27+00:00\",\"dateModified\":\"2026-03-29T21:14:43+00:00\",\"breadcrumb\":{\"@id\":\"https:\\\/\\\/www.agronaturfert.sk\\\/?page_id=454#breadcrumb\"},\"inLanguage\":\"sk-SK\",\"potentialAction\":[{\"@type\":\"ReadAction\",\"target\":[\"https:\\\/\\\/www.agronaturfert.sk\\\/?page_id=454\"]}]},{\"@type\":\"BreadcrumbList\",\"@id\":\"https:\\\/\\\/www.agronaturfert.sk\\\/?page_id=454#breadcrumb\",\"itemListElement\":[{\"@type\":\"ListItem\",\"position\":1,\"name\":\"Home\",\"item\":\"https:\\\/\\\/www.agronaturfert.sk\\\/\"},{\"@type\":\"ListItem\",\"position\":2,\"name\":\"Term\u00edn aplik\u00e1cie:\"}]},{\"@type\":\"WebSite\",\"@id\":\"https:\\\/\\\/www.agronaturfert.sk\\\/#website\",\"url\":\"https:\\\/\\\/www.agronaturfert.sk\\\/\",\"name\":\"MikroFertil\",\"description\":\".... nes\u013eubujeme z\u00e1zraky , pon\u00fakame rie\u0161enia ....\",\"potentialAction\":[{\"@type\":\"SearchAction\",\"target\":{\"@type\":\"EntryPoint\",\"urlTemplate\":\"https:\\\/\\\/www.agronaturfert.sk\\\/?s={search_term_string}\"},\"query-input\":{\"@type\":\"PropertyValueSpecification\",\"valueRequired\":true,\"valueName\":\"search_term_string\"}}],\"inLanguage\":\"sk-SK\"}]}<\/script>\n<!-- \/ Yoast SEO plugin. -->","yoast_head_json":{"title":"Term\u00edn aplik\u00e1cie: - MikroFertil","robots":{"index":"index","follow":"follow","max-snippet":"max-snippet:-1","max-image-preview":"max-image-preview:large","max-video-preview":"max-video-preview:-1"},"canonical":"https:\/\/www.agronaturfert.sk\/?page_id=454","og_locale":"sk_SK","og_type":"article","og_title":"Term\u00edn aplik\u00e1cie: - MikroFertil","og_url":"https:\/\/www.agronaturfert.sk\/?page_id=454","og_site_name":"MikroFertil","article_modified_time":"2026-03-29T21:14:43+00:00","twitter_card":"summary_large_image","twitter_misc":{"Predpokladan\u00fd \u010das \u010d\u00edtania":"1 min\u00fata"},"schema":{"@context":"https:\/\/schema.org","@graph":[{"@type":"WebPage","@id":"https:\/\/www.agronaturfert.sk\/?page_id=454","url":"https:\/\/www.agronaturfert.sk\/?page_id=454","name":"Term\u00edn aplik\u00e1cie: - MikroFertil","isPartOf":{"@id":"https:\/\/www.agronaturfert.sk\/#website"},"datePublished":"2019-01-13T15:33:27+00:00","dateModified":"2026-03-29T21:14:43+00:00","breadcrumb":{"@id":"https:\/\/www.agronaturfert.sk\/?page_id=454#breadcrumb"},"inLanguage":"sk-SK","potentialAction":[{"@type":"ReadAction","target":["https:\/\/www.agronaturfert.sk\/?page_id=454"]}]},{"@type":"BreadcrumbList","@id":"https:\/\/www.agronaturfert.sk\/?page_id=454#breadcrumb","itemListElement":[{"@type":"ListItem","position":1,"name":"Home","item":"https:\/\/www.agronaturfert.sk\/"},{"@type":"ListItem","position":2,"name":"Term\u00edn aplik\u00e1cie:"}]},{"@type":"WebSite","@id":"https:\/\/www.agronaturfert.sk\/#website","url":"https:\/\/www.agronaturfert.sk\/","name":"MikroFertil","description":".... nes\u013eubujeme z\u00e1zraky , pon\u00fakame rie\u0161enia ....","potentialAction":[{"@type":"SearchAction","target":{"@type":"EntryPoint","urlTemplate":"https:\/\/www.agronaturfert.sk\/?s={search_term_string}"},"query-input":{"@type":"PropertyValueSpecification","valueRequired":true,"valueName":"search_term_string"}}],"inLanguage":"sk-SK"}]}},"_links":{"self":[{"href":"https:\/\/www.agronaturfert.sk\/index.php?rest_route=\/wp\/v2\/pages\/454","targetHints":{"allow":["GET"]}}],"collection":[{"href":"https:\/\/www.agronaturfert.sk\/index.php?rest_route=\/wp\/v2\/pages"}],"about":[{"href":"https:\/\/www.agronaturfert.sk\/index.php?rest_route=\/wp\/v2\/types\/page"}],"author":[{"embeddable":true,"href":"https:\/\/www.agronaturfert.sk\/index.php?rest_route=\/wp\/v2\/users\/1"}],"replies":[{"embeddable":true,"href":"https:\/\/www.agronaturfert.sk\/index.php?rest_route=%2Fwp%2Fv2%2Fcomments&post=454"}],"version-history":[{"count":46,"href":"https:\/\/www.agronaturfert.sk\/index.php?rest_route=\/wp\/v2\/pages\/454\/revisions"}],"predecessor-version":[{"id":1019,"href":"https:\/\/www.agronaturfert.sk\/index.php?rest_route=\/wp\/v2\/pages\/454\/revisions\/1019"}],"wp:attachment":[{"href":"https:\/\/www.agronaturfert.sk\/index.php?rest_route=%2Fwp%2Fv2%2Fmedia&parent=454"}],"curies":[{"name":"wp","href":"https:\/\/api.w.org\/{rel}","templated":true}]}}